{"id":5239,"date":"2026-04-10T16:18:35","date_gmt":"2026-04-10T16:18:35","guid":{"rendered":"https:\/\/forum.immogo.com\/?page_id=5239"},"modified":"2026-04-10T16:36:09","modified_gmt":"2026-04-10T16:36:09","slug":"foire-aux-questions","status":"publish","type":"page","link":"https:\/\/forum.immogo.com\/fr\/foire-aux-questions\/","title":{"rendered":"Foire aux questions"},"content":{"rendered":"\n<style>\n.im-faq { padding: 1rem 0; font-family: sans-serif; }\n.im-faq-title { font-size: 13px; font-weight: 500; letter-spacing: 0.08em; text-transform: uppercase; color: #D42B2B; margin: 0 0 1.25rem; }\n.im-item { border-bottom: 0.5px solid #c5cae0; }\n.im-item:first-of-type { border-top: 0.5px solid #c5cae0; }\n.im-btn {\n  width: 100%; background: none; border: none; padding: 0.9rem 0;\n  display: flex; justify-content: space-between; align-items: center;\n  cursor: pointer; text-align: left; gap: 1rem;\n}\n.im-btn:hover .im-q { color: #D42B2B; }\n.im-q { font-size: 15px; font-weight: 500; color: #1B2A6B; line-height: 1.4; transition: color 0.15s; }\n.im-icon {\n  flex-shrink: 0; width: 22px; height: 22px; border-radius: 50%;\n  background: #1B2A6B; color: #fff;\n  display: flex; align-items: center; justify-content: center;\n  font-size: 16px; font-weight: 400; transition: transform 0.25s, background 0.15s;\n  line-height: 1;\n}\n.im-icon.open { transform: rotate(45deg); background: #D42B2B; }\n.im-answer {\n  font-size: 14px; color: #444; line-height: 1.75;\n  max-height: 0; overflow: hidden; transition: max-height 0.3s ease, padding 0.2s;\n  padding: 0; border-left: 3px solid #D42B2B; margin-left: 2px;\n}\n.im-answer.open { max-height: 500px; padding: 0.25rem 0 1rem 1rem; }\n<\/style>\n\n<div class=\"im-faq\">\n<p class=\"im-faq-title\">Questions fr\u00e9quentes<\/p>\n\n<div class=\"im-item\">\n  <button class=\"im-btn\" onclick=\"imToggle(this)\">\n    <span class=\"im-q\">Pourquoi dois-je m&#8217;inscrire pour contacter un vendeur ?<\/span>\n    <span class=\"im-icon\">+<\/span>\n  <\/button>\n  <div class=\"im-answer\">\n    Parce que nous voulons des membres motiv\u00e9s. Les vendeurs paient leur abonnement pour une belle promotion, avec diffusion mensuelle sur Facebook aupr\u00e8s de plus d&#8217;un million de membres, mais aussi pour des contacts de qualit\u00e9.<br><br>\n    Un chercheur qui ne veut pas prendre deux minutes pour s&#8217;inscrire gratuitement, bien que \u00e7a lui permet de contacter tous les vendeurs et d&#8217;\u00e9conomiser potentiellement des milliers d&#8217;euros en frais d&#8217;agence, n&#8217;est manifestement pas tr\u00e8s s\u00e9rieux. Ce petit seuil de l&#8217;inscription suffit \u00e0 \u00e9carter les curieux et les touristes de l&#8217;immobilier.<br><br>\n    De plus, une inscription obligatoire nous permet de bloquer les professionnels et des malfrats.<br><br>\n    <em>PS : nous ne demandons que votre adresse e-mail, rien de plus. Vos donn\u00e9es ne seront jamais utilis\u00e9es \u00e0 des fins commerciales.<\/em>\n  <\/div>\n<\/div>\n\n<div class=\"im-item\">\n  <button class=\"im-btn\" onclick=\"imToggle(this)\">\n    <span class=\"im-q\">Est-ce gratuit de chercher un bien sur Immogo ?<\/span>\n    <span class=\"im-icon\">+<\/span>\n  <\/button>\n  <div class=\"im-answer\">Oui, l&#8217;inscription et la recherche sont enti\u00e8rement gratuites. Vous pouvez consulter toutes les annonces et contacter les vendeurs sans rien payer.<\/div>\n<\/div>\n\n<div class=\"im-item\">\n  <button class=\"im-btn\" onclick=\"imToggle(this)\">\n    <span class=\"im-q\">Combien co\u00fbte une annonce pour les vendeurs ?<\/span>\n    <span class=\"im-icon\">+<\/span>\n  <\/button>\n  <div class=\"im-answer\">Un abonnement vendeur co\u00fbte \u00e0 partir de 17 \u20ac par mois. Cela inclut la publication de votre annonce en plusieurs langues et une diffusion mensuelle sur des groupes Facebook comptant plus d&#8217;un million de membres au total.<\/div>\n<\/div>\n\n<div class=\"im-item\">\n  <button class=\"im-btn\" onclick=\"imToggle(this)\">\n    <span class=\"im-q\">Qu&#8217;est-ce qui est inclus dans l&#8217;abonnement vendeur ?<\/span>\n    <span class=\"im-icon\">+<\/span>\n  <\/button>\n  <div class=\"im-answer\">Votre abonnement comprend la publication, la r\u00e9daction (si n\u00e9cessaire) et la traduction de votre annonce qui sera publi\u00e9e en trois langues, ainsi qu&#8217;une diffusion mensuelle sur une dizaine de groupes Facebook. Et bien s\u00fbr un acc\u00e8s direct aux acheteurs potentiels&#8230; sans interm\u00e9diaire !<\/div>\n<\/div>\n\n<div class=\"im-item\">\n  <button class=\"im-btn\" onclick=\"imToggle(this)\">\n    <span class=\"im-q\">Puis-je vendre mon bien sans agence l\u00e9galement ?<\/span>\n    <span class=\"im-icon\">+<\/span>\n  <\/button>\n  <div class=\"im-answer\">Oui, tout \u00e0 fait. La vente de particulier \u00e0 particulier est parfaitement l\u00e9gale. Finalement, c&#8217;est le notaire qui vous aidera de tout mettre en place avec les paperasses n\u00e9cessaires. Vous \u00e9conomisez ainsi les frais d&#8217;agence, qui peuvent repr\u00e9senter des dizaines de millier d&#8217;euros (4-10% de commission).<\/div>\n<\/div>\n\n<div class=\"im-item\">\n  <button class=\"im-btn\" onclick=\"imToggle(this)\">\n    <span class=\"im-q\">Immogo est-il disponible dans toute la France ?<\/span>\n    <span class=\"im-icon\">+<\/span>\n  <\/button>\n  <div class=\"im-answer\">Oui, par l&#8217;Internet Immogo est bien s\u00fbr accessible dans le monde entier. Notre diffusion mensuelle des annonces sur les r\u00e9seaux sociaux touche un public international, avec des groupes en fran\u00e7ais (dont notre propre groupe &#8216;Maisons \u00e0 vendre sans agence en France&#8217; avec plus de 350 000 membres), en n\u00e9erlandais (propre groupe avec 55 000 membres) et anglais (multiple groupes avec en total plus de 750 0000 membres).<\/div>\n<\/div>\n\n<\/div>\n\n<script>\nfunction imToggle(btn) {\n  var answer = btn.nextElementSibling;\n  var icon = btn.querySelector('.im-icon');\n  var isOpen = answer.classList.contains('open');\n  document.querySelectorAll('.im-answer.open').forEach(function(a) { a.classList.remove('open'); });\n  document.querySelectorAll('.im-icon.open').forEach(function(i) { i.classList.remove('open'); });\n  if (!isOpen) { answer.classList.add('open'); icon.classList.add('open'); }\n}\n<\/script>\n\n","protected":false},"excerpt":{"rendered":"<p>Questions fr\u00e9quentes Pourquoi dois-je m&#8217;inscrire pour contacter un vendeur ? + Parce que nous voulons des membres motiv\u00e9s. Les vendeurs paient leur abonnement pour une belle promotion, avec diffusion mensuelle sur Facebook aupr\u00e8s de plus d&#8217;un million de membres, mais aussi pour des contacts de qualit\u00e9. Un chercheur qui ne veut pas prendre deux minutes [&hellip;]<\/p>\n","protected":false},"author":7,"featured_media":0,"parent":0,"menu_order":0,"comment_status":"closed","ping_status":"closed","template":"","meta":{"_bbp_topic_count":0,"_bbp_reply_count":0,"_bbp_total_topic_count":0,"_bbp_total_reply_count":0,"_bbp_voice_count":0,"_bbp_anonymous_reply_count":0,"_bbp_topic_count_hidden":0,"_bbp_reply_count_hidden":0,"_bbp_forum_subforum_count":0,"pmpro_default_level":"","footnotes":""},"class_list":["post-5239","page","type-page","status-publish","hentry","pmpro-has-access","beehive-post"],"yoast_head":"<!-- This site is optimized with the Yoast SEO plugin v27.3 - https:\/\/yoast.com\/product\/yoast-seo-wordpress\/ -->\n<title>Foire aux questions - Immogo<\/title>\n<meta name=\"robots\" content=\"index, follow, max-snippet:-1, max-image-preview:large, max-video-preview:-1\" \/>\n<link rel=\"canonical\" href=\"https:\/\/forum.immogo.com\/fr\/foire-aux-questions\/\" \/>\n<meta property=\"og:locale\" content=\"fr_FR\" \/>\n<meta property=\"og:type\" content=\"article\" \/>\n<meta property=\"og:title\" content=\"Foire aux questions - Immogo\" \/>\n<meta property=\"og:description\" content=\"Questions fr\u00e9quentes Pourquoi dois-je m&#8217;inscrire pour contacter un vendeur ? + Parce que nous voulons des membres motiv\u00e9s. Les vendeurs paient leur abonnement pour une belle promotion, avec diffusion mensuelle sur Facebook aupr\u00e8s de plus d&#8217;un million de membres, mais aussi pour des contacts de qualit\u00e9. Un chercheur qui ne veut pas prendre deux minutes [&hellip;]\" \/>\n<meta property=\"og:url\" content=\"https:\/\/forum.immogo.com\/fr\/foire-aux-questions\/\" \/>\n<meta property=\"og:site_name\" content=\"Immogo\" \/>\n<meta property=\"article:modified_time\" content=\"2026-04-10T16:36:09+00:00\" \/>\n<meta name=\"twitter:card\" content=\"summary_large_image\" \/>\n<meta name=\"twitter:label1\" content=\"Dur\u00e9e de lecture estim\u00e9e\" \/>\n\t<meta name=\"twitter:data1\" content=\"2 minutes\" \/>\n<script type=\"application\/ld+json\" class=\"yoast-schema-graph\">{\"@context\":\"https:\\\/\\\/schema.org\",\"@graph\":[{\"@type\":\"WebPage\",\"@id\":\"https:\\\/\\\/forum.immogo.com\\\/fr\\\/foire-aux-questions\\\/\",\"url\":\"https:\\\/\\\/forum.immogo.com\\\/fr\\\/foire-aux-questions\\\/\",\"name\":\"Foire aux questions - Immogo\",\"isPartOf\":{\"@id\":\"https:\\\/\\\/forum.immogo.com\\\/fr\\\/#website\"},\"datePublished\":\"2026-04-10T16:18:35+00:00\",\"dateModified\":\"2026-04-10T16:36:09+00:00\",\"breadcrumb\":{\"@id\":\"https:\\\/\\\/forum.immogo.com\\\/fr\\\/foire-aux-questions\\\/#breadcrumb\"},\"inLanguage\":\"fr-FR\",\"potentialAction\":[{\"@type\":\"ReadAction\",\"target\":[\"https:\\\/\\\/forum.immogo.com\\\/fr\\\/foire-aux-questions\\\/\"]}]},{\"@type\":\"BreadcrumbList\",\"@id\":\"https:\\\/\\\/forum.immogo.com\\\/fr\\\/foire-aux-questions\\\/#breadcrumb\",\"itemListElement\":[{\"@type\":\"ListItem\",\"position\":1,\"name\":\"Accueil\",\"item\":\"https:\\\/\\\/forum.immogo.com\\\/fr\\\/\"},{\"@type\":\"ListItem\",\"position\":2,\"name\":\"Foire aux questions\"}]},{\"@type\":\"WebSite\",\"@id\":\"https:\\\/\\\/forum.immogo.com\\\/fr\\\/#website\",\"url\":\"https:\\\/\\\/forum.immogo.com\\\/fr\\\/\",\"name\":\"Immogo\",\"description\":\"Maisons \u00e0 vendre sans agence\",\"publisher\":{\"@id\":\"https:\\\/\\\/forum.immogo.com\\\/fr\\\/#organization\"},\"potentialAction\":[{\"@type\":\"SearchAction\",\"target\":{\"@type\":\"EntryPoint\",\"urlTemplate\":\"https:\\\/\\\/forum.immogo.com\\\/fr\\\/?s={search_term_string}\"},\"query-input\":{\"@type\":\"PropertyValueSpecification\",\"valueRequired\":true,\"valueName\":\"search_term_string\"}}],\"inLanguage\":\"fr-FR\"},{\"@type\":\"Organization\",\"@id\":\"https:\\\/\\\/forum.immogo.com\\\/fr\\\/#organization\",\"name\":\"Immogo\",\"url\":\"https:\\\/\\\/forum.immogo.com\\\/fr\\\/\",\"logo\":{\"@type\":\"ImageObject\",\"inLanguage\":\"fr-FR\",\"@id\":\"https:\\\/\\\/forum.immogo.com\\\/fr\\\/#\\\/schema\\\/logo\\\/image\\\/\",\"url\":\"https:\\\/\\\/forum.immogo.com\\\/wp-content\\\/uploads\\\/2025\\\/01\\\/cropped-logo-2.png\",\"contentUrl\":\"https:\\\/\\\/forum.immogo.com\\\/wp-content\\\/uploads\\\/2025\\\/01\\\/cropped-logo-2.png\",\"width\":220,\"height\":36,\"caption\":\"Immogo\"},\"image\":{\"@id\":\"https:\\\/\\\/forum.immogo.com\\\/fr\\\/#\\\/schema\\\/logo\\\/image\\\/\"}}]}<\/script>\n<!-- \/ Yoast SEO plugin. -->","yoast_head_json":{"title":"Foire aux questions - Immogo","robots":{"index":"index","follow":"follow","max-snippet":"max-snippet:-1","max-image-preview":"max-image-preview:large","max-video-preview":"max-video-preview:-1"},"canonical":"https:\/\/forum.immogo.com\/fr\/foire-aux-questions\/","og_locale":"fr_FR","og_type":"article","og_title":"Foire aux questions - Immogo","og_description":"Questions fr\u00e9quentes Pourquoi dois-je m&#8217;inscrire pour contacter un vendeur ? + Parce que nous voulons des membres motiv\u00e9s. Les vendeurs paient leur abonnement pour une belle promotion, avec diffusion mensuelle sur Facebook aupr\u00e8s de plus d&#8217;un million de membres, mais aussi pour des contacts de qualit\u00e9. Un chercheur qui ne veut pas prendre deux minutes [&hellip;]","og_url":"https:\/\/forum.immogo.com\/fr\/foire-aux-questions\/","og_site_name":"Immogo","article_modified_time":"2026-04-10T16:36:09+00:00","twitter_card":"summary_large_image","twitter_misc":{"Dur\u00e9e de lecture estim\u00e9e":"2 minutes"},"schema":{"@context":"https:\/\/schema.org","@graph":[{"@type":"WebPage","@id":"https:\/\/forum.immogo.com\/fr\/foire-aux-questions\/","url":"https:\/\/forum.immogo.com\/fr\/foire-aux-questions\/","name":"Foire aux questions - Immogo","isPartOf":{"@id":"https:\/\/forum.immogo.com\/fr\/#website"},"datePublished":"2026-04-10T16:18:35+00:00","dateModified":"2026-04-10T16:36:09+00:00","breadcrumb":{"@id":"https:\/\/forum.immogo.com\/fr\/foire-aux-questions\/#breadcrumb"},"inLanguage":"fr-FR","potentialAction":[{"@type":"ReadAction","target":["https:\/\/forum.immogo.com\/fr\/foire-aux-questions\/"]}]},{"@type":"BreadcrumbList","@id":"https:\/\/forum.immogo.com\/fr\/foire-aux-questions\/#breadcrumb","itemListElement":[{"@type":"ListItem","position":1,"name":"Accueil","item":"https:\/\/forum.immogo.com\/fr\/"},{"@type":"ListItem","position":2,"name":"Foire aux questions"}]},{"@type":"WebSite","@id":"https:\/\/forum.immogo.com\/fr\/#website","url":"https:\/\/forum.immogo.com\/fr\/","name":"Immogo","description":"Maisons \u00e0 vendre sans agence","publisher":{"@id":"https:\/\/forum.immogo.com\/fr\/#organization"},"potentialAction":[{"@type":"SearchAction","target":{"@type":"EntryPoint","urlTemplate":"https:\/\/forum.immogo.com\/fr\/?s={search_term_string}"},"query-input":{"@type":"PropertyValueSpecification","valueRequired":true,"valueName":"search_term_string"}}],"inLanguage":"fr-FR"},{"@type":"Organization","@id":"https:\/\/forum.immogo.com\/fr\/#organization","name":"Immogo","url":"https:\/\/forum.immogo.com\/fr\/","logo":{"@type":"ImageObject","inLanguage":"fr-FR","@id":"https:\/\/forum.immogo.com\/fr\/#\/schema\/logo\/image\/","url":"https:\/\/forum.immogo.com\/wp-content\/uploads\/2025\/01\/cropped-logo-2.png","contentUrl":"https:\/\/forum.immogo.com\/wp-content\/uploads\/2025\/01\/cropped-logo-2.png","width":220,"height":36,"caption":"Immogo"},"image":{"@id":"https:\/\/forum.immogo.com\/fr\/#\/schema\/logo\/image\/"}}]}},"_links":{"self":[{"href":"https:\/\/forum.immogo.com\/fr\/wp-json\/wp\/v2\/pages\/5239","targetHints":{"allow":["GET"]}}],"collection":[{"href":"https:\/\/forum.immogo.com\/fr\/wp-json\/wp\/v2\/pages"}],"about":[{"href":"https:\/\/forum.immogo.com\/fr\/wp-json\/wp\/v2\/types\/page"}],"author":[{"embeddable":true,"href":"https:\/\/forum.immogo.com\/fr\/wp-json\/wp\/v2\/users\/7"}],"replies":[{"embeddable":true,"href":"https:\/\/forum.immogo.com\/fr\/wp-json\/wp\/v2\/comments?post=5239"}],"version-history":[{"count":0,"href":"https:\/\/forum.immogo.com\/fr\/wp-json\/wp\/v2\/pages\/5239\/revisions"}],"wp:attachment":[{"href":"https:\/\/forum.immogo.com\/fr\/wp-json\/wp\/v2\/media?parent=5239"}],"curies":[{"name":"wp","href":"https:\/\/api.w.org\/{rel}","templated":true}]}}