{"id":468,"date":"2020-01-23T15:09:28","date_gmt":"2020-01-23T15:09:28","guid":{"rendered":"http:\/\/beehive.themified.com\/adverts\/manage\/"},"modified":"2020-01-23T15:09:28","modified_gmt":"2020-01-23T15:09:28","slug":"manage","status":"publish","type":"page","link":"https:\/\/forum.immogo.com\/fr\/adverts\/manage\/","title":{"rendered":"Manage"},"content":{"rendered":"\r\n            <div class=\"adverts-flash-messages adverts-flash-error\">\r\n                    \r\n        <div class=\"adverts-flash-single\">\r\n                        <span class=\"adverts-flash-message-icon adverts-icon-lock\"><\/span>\r\n            <span class=\"adverts-flash-message-text adverts-flash-padding\">Seul les utilisateurs connect\u00e9s peuvent acc\u00e9der \u00e0 cette page. <a href=\"https:\/\/forum.immogo.com\/fr\/login\/?redirect_to=https%3A%2F%2Fforum.immogo.com%2Ffr%2Fadverts%2Fmanage%2F\">Se connecter<\/a> ou <a href=\"https:\/\/forum.immogo.com\/fr\/register\/\">Cr\u00e9er un compte<\/a>.<\/span>\r\n                    <\/div>\r\n        <\/div>\r\n                \r\n    \n","protected":false},"excerpt":{"rendered":"","protected":false},"author":7,"featured_media":0,"parent":466,"menu_order":0,"comment_status":"closed","ping_status":"closed","template":"","meta":{"_bbp_topic_count":0,"_bbp_reply_count":0,"_bbp_total_topic_count":0,"_bbp_total_reply_count":0,"_bbp_voice_count":0,"_bbp_anonymous_reply_count":0,"_bbp_topic_count_hidden":0,"_bbp_reply_count_hidden":0,"_bbp_forum_subforum_count":0,"pmpro_default_level":"","footnotes":""},"class_list":["post-468","page","type-page","status-publish","hentry","pmpro-has-access","beehive-post"],"yoast_head":"<!-- This site is optimized with the Yoast SEO plugin v27.3 - https:\/\/yoast.com\/product\/yoast-seo-wordpress\/ -->\n<title>Manage - Immogo<\/title>\n<meta name=\"robots\" content=\"index, follow, max-snippet:-1, max-image-preview:large, max-video-preview:-1\" \/>\n<link rel=\"canonical\" href=\"https:\/\/forum.immogo.com\/fr\/adverts\/manage\/\" \/>\n<meta property=\"og:locale\" content=\"fr_FR\" \/>\n<meta property=\"og:type\" content=\"article\" \/>\n<meta property=\"og:title\" content=\"Manage - Immogo\" \/>\n<meta property=\"og:url\" content=\"https:\/\/forum.immogo.com\/fr\/adverts\/manage\/\" \/>\n<meta property=\"og:site_name\" content=\"Immogo\" \/>\n<meta name=\"twitter:card\" content=\"summary_large_image\" \/>\n<script type=\"application\/ld+json\" class=\"yoast-schema-graph\">{\"@context\":\"https:\\\/\\\/schema.org\",\"@graph\":[{\"@type\":\"WebPage\",\"@id\":\"https:\\\/\\\/forum.immogo.com\\\/fr\\\/adverts\\\/manage\\\/\",\"url\":\"https:\\\/\\\/forum.immogo.com\\\/fr\\\/adverts\\\/manage\\\/\",\"name\":\"Manage - Immogo\",\"isPartOf\":{\"@id\":\"https:\\\/\\\/forum.immogo.com\\\/fr\\\/#website\"},\"datePublished\":\"2020-01-23T15:09:28+00:00\",\"breadcrumb\":{\"@id\":\"https:\\\/\\\/forum.immogo.com\\\/fr\\\/adverts\\\/manage\\\/#breadcrumb\"},\"inLanguage\":\"fr-FR\",\"potentialAction\":[{\"@type\":\"ReadAction\",\"target\":[\"https:\\\/\\\/forum.immogo.com\\\/fr\\\/adverts\\\/manage\\\/\"]}]},{\"@type\":\"BreadcrumbList\",\"@id\":\"https:\\\/\\\/forum.immogo.com\\\/fr\\\/adverts\\\/manage\\\/#breadcrumb\",\"itemListElement\":[{\"@type\":\"ListItem\",\"position\":1,\"name\":\"Accueil\",\"item\":\"https:\\\/\\\/forum.immogo.com\\\/fr\\\/\"},{\"@type\":\"ListItem\",\"position\":2,\"name\":\"Adverts\",\"item\":\"https:\\\/\\\/forum.immogo.com\\\/fr\\\/adverts\\\/\"},{\"@type\":\"ListItem\",\"position\":3,\"name\":\"Manage\"}]},{\"@type\":\"WebSite\",\"@id\":\"https:\\\/\\\/forum.immogo.com\\\/fr\\\/#website\",\"url\":\"https:\\\/\\\/forum.immogo.com\\\/fr\\\/\",\"name\":\"Immogo\",\"description\":\"Maisons \u00e0 vendre sans agence\",\"publisher\":{\"@id\":\"https:\\\/\\\/forum.immogo.com\\\/fr\\\/#organization\"},\"potentialAction\":[{\"@type\":\"SearchAction\",\"target\":{\"@type\":\"EntryPoint\",\"urlTemplate\":\"https:\\\/\\\/forum.immogo.com\\\/fr\\\/?s={search_term_string}\"},\"query-input\":{\"@type\":\"PropertyValueSpecification\",\"valueRequired\":true,\"valueName\":\"search_term_string\"}}],\"inLanguage\":\"fr-FR\"},{\"@type\":\"Organization\",\"@id\":\"https:\\\/\\\/forum.immogo.com\\\/fr\\\/#organization\",\"name\":\"Immogo\",\"url\":\"https:\\\/\\\/forum.immogo.com\\\/fr\\\/\",\"logo\":{\"@type\":\"ImageObject\",\"inLanguage\":\"fr-FR\",\"@id\":\"https:\\\/\\\/forum.immogo.com\\\/fr\\\/#\\\/schema\\\/logo\\\/image\\\/\",\"url\":\"https:\\\/\\\/forum.immogo.com\\\/wp-content\\\/uploads\\\/2025\\\/01\\\/cropped-logo-2.png\",\"contentUrl\":\"https:\\\/\\\/forum.immogo.com\\\/wp-content\\\/uploads\\\/2025\\\/01\\\/cropped-logo-2.png\",\"width\":220,\"height\":36,\"caption\":\"Immogo\"},\"image\":{\"@id\":\"https:\\\/\\\/forum.immogo.com\\\/fr\\\/#\\\/schema\\\/logo\\\/image\\\/\"}}]}<\/script>\n<!-- \/ Yoast SEO plugin. -->","yoast_head_json":{"title":"Manage - Immogo","robots":{"index":"index","follow":"follow","max-snippet":"max-snippet:-1","max-image-preview":"max-image-preview:large","max-video-preview":"max-video-preview:-1"},"canonical":"https:\/\/forum.immogo.com\/fr\/adverts\/manage\/","og_locale":"fr_FR","og_type":"article","og_title":"Manage - Immogo","og_url":"https:\/\/forum.immogo.com\/fr\/adverts\/manage\/","og_site_name":"Immogo","twitter_card":"summary_large_image","schema":{"@context":"https:\/\/schema.org","@graph":[{"@type":"WebPage","@id":"https:\/\/forum.immogo.com\/fr\/adverts\/manage\/","url":"https:\/\/forum.immogo.com\/fr\/adverts\/manage\/","name":"Manage - Immogo","isPartOf":{"@id":"https:\/\/forum.immogo.com\/fr\/#website"},"datePublished":"2020-01-23T15:09:28+00:00","breadcrumb":{"@id":"https:\/\/forum.immogo.com\/fr\/adverts\/manage\/#breadcrumb"},"inLanguage":"fr-FR","potentialAction":[{"@type":"ReadAction","target":["https:\/\/forum.immogo.com\/fr\/adverts\/manage\/"]}]},{"@type":"BreadcrumbList","@id":"https:\/\/forum.immogo.com\/fr\/adverts\/manage\/#breadcrumb","itemListElement":[{"@type":"ListItem","position":1,"name":"Accueil","item":"https:\/\/forum.immogo.com\/fr\/"},{"@type":"ListItem","position":2,"name":"Adverts","item":"https:\/\/forum.immogo.com\/fr\/adverts\/"},{"@type":"ListItem","position":3,"name":"Manage"}]},{"@type":"WebSite","@id":"https:\/\/forum.immogo.com\/fr\/#website","url":"https:\/\/forum.immogo.com\/fr\/","name":"Immogo","description":"Maisons \u00e0 vendre sans agence","publisher":{"@id":"https:\/\/forum.immogo.com\/fr\/#organization"},"potentialAction":[{"@type":"SearchAction","target":{"@type":"EntryPoint","urlTemplate":"https:\/\/forum.immogo.com\/fr\/?s={search_term_string}"},"query-input":{"@type":"PropertyValueSpecification","valueRequired":true,"valueName":"search_term_string"}}],"inLanguage":"fr-FR"},{"@type":"Organization","@id":"https:\/\/forum.immogo.com\/fr\/#organization","name":"Immogo","url":"https:\/\/forum.immogo.com\/fr\/","logo":{"@type":"ImageObject","inLanguage":"fr-FR","@id":"https:\/\/forum.immogo.com\/fr\/#\/schema\/logo\/image\/","url":"https:\/\/forum.immogo.com\/wp-content\/uploads\/2025\/01\/cropped-logo-2.png","contentUrl":"https:\/\/forum.immogo.com\/wp-content\/uploads\/2025\/01\/cropped-logo-2.png","width":220,"height":36,"caption":"Immogo"},"image":{"@id":"https:\/\/forum.immogo.com\/fr\/#\/schema\/logo\/image\/"}}]}},"_links":{"self":[{"href":"https:\/\/forum.immogo.com\/fr\/wp-json\/wp\/v2\/pages\/468","targetHints":{"allow":["GET"]}}],"collection":[{"href":"https:\/\/forum.immogo.com\/fr\/wp-json\/wp\/v2\/pages"}],"about":[{"href":"https:\/\/forum.immogo.com\/fr\/wp-json\/wp\/v2\/types\/page"}],"author":[{"embeddable":true,"href":"https:\/\/forum.immogo.com\/fr\/wp-json\/wp\/v2\/users\/7"}],"replies":[{"embeddable":true,"href":"https:\/\/forum.immogo.com\/fr\/wp-json\/wp\/v2\/comments?post=468"}],"version-history":[{"count":0,"href":"https:\/\/forum.immogo.com\/fr\/wp-json\/wp\/v2\/pages\/468\/revisions"}],"up":[{"embeddable":true,"href":"https:\/\/forum.immogo.com\/fr\/wp-json\/wp\/v2\/pages\/466"}],"wp:attachment":[{"href":"https:\/\/forum.immogo.com\/fr\/wp-json\/wp\/v2\/media?parent=468"}],"curies":[{"name":"wp","href":"https:\/\/api.w.org\/{rel}","templated":true}]}}