{"id":1184,"date":"2025-04-15T16:39:14","date_gmt":"2025-04-15T16:39:14","guid":{"rendered":"https:\/\/forum.immogo.com\/?page_id=1184"},"modified":"2025-04-15T17:17:04","modified_gmt":"2025-04-15T17:17:04","slug":"contact-info","status":"publish","type":"page","link":"https:\/\/forum.immogo.com\/fr\/contact-info\/","title":{"rendered":"Contact &#8211; Info"},"content":{"rendered":"<h2>Je suis l\u00e0 pour vous aider.<\/h2>\n<p>Immogo est un site d&#8217;annonces immobili\u00e8res pour les particuliers qui souhaitent vendre leur bien immobilier en France.<br \/>\nVous pouvez me poser vos questions ou remarques concernant Immogo en passant par sujet <a href=\"https:\/\/forum.immogo.com\/fr\/groups\/real-estat\/forum\/\">&#8216;Info sur Immogo<\/a>&#8216; dans le forum. Si vous souhaitez \u00eatre tenu au courant des nouveaut\u00e9s, inscrivez-vous en tant qu&#8217;utilisateur et abonnez-vous \u00e0 des groupes (organis\u00e9s par r\u00e9gion et theme) ou forums.<\/p>\n<p>Pour obtenir des informations sur un bien, contactez directement le propri\u00e9taire. Le plus simple c&#8217;est de passer par le bouton &#8216;Contact&#8217; dans l&#8217;annonce pour aller sur le profil du vendeur. l\u00e0, vous pouvez poser des questions et librement \u00e9changer des informations.<\/p>\n<h2>Contact avec le g\u00e9rant du site<\/h2>\n<p>Vous pouvez m&#8217;envoyer un mail au info@immogo.com ou m&#8217;appeler au t\u00e9l\u00e9phone, mais UNIQUEMENT pour obtenir des informations sur le site, PAS sur une propri\u00e9t\u00e9 sp\u00e9cifique. Immogo est un site d&#8217;annonces, pas un agent immobilier.\u00a0Consultez \u00e9galement nos id\u00e9es sur l&#8217;achat et la vente de maisons en France dans <a href=\"https:\/\/forum.immogo.com\/fr\/blog\/\">notre<strong> blog<\/strong><\/a>.<\/p>\n<p>Pour des informations sur le fonctionnement du site et sur la fa\u00e7on de vendre votre propri\u00e9t\u00e9 en France, n&#8217;h\u00e9sitez pas de m&#8217;appeler au <a style=\"color: red;\" href=\"tel:+33358196226\">+33 358 1962 26<\/a>.<\/p>\n<p>Cordialement,<br \/>\nGregor Hakkenberg van Gaasbeek, g\u00e9rant de<br \/>\nImmogo \u00ae<br \/>\nUne marque de KREK. SAS<br \/>\n32 Rue du docteur Privey<br \/>\n71700 Tournus, France<\/p>\n<p>TVA : FR 09438976797<\/p>\n","protected":false},"excerpt":{"rendered":"<p>Je suis l\u00e0 pour vous aider. Immogo est un site d&#8217;annonces immobili\u00e8res pour les particuliers qui souhaitent vendre leur bien immobilier en France. Vous pouvez me poser vos questions ou remarques concernant Immogo en passant par sujet &#8216;Info sur Immogo&#8216; dans le forum. Si vous souhaitez \u00eatre tenu au courant des nouveaut\u00e9s, inscrivez-vous en tant [&hellip;]<\/p>\n","protected":false},"author":7,"featured_media":0,"parent":0,"menu_order":0,"comment_status":"closed","ping_status":"closed","template":"","meta":{"_bbp_topic_count":0,"_bbp_reply_count":0,"_bbp_total_topic_count":0,"_bbp_total_reply_count":0,"_bbp_voice_count":0,"_bbp_anonymous_reply_count":0,"_bbp_topic_count_hidden":0,"_bbp_reply_count_hidden":0,"_bbp_forum_subforum_count":0,"pmpro_default_level":"","footnotes":""},"class_list":["post-1184","page","type-page","status-publish","hentry","pmpro-has-access","beehive-post"],"yoast_head":"<!-- This site is optimized with the Yoast SEO plugin v27.3 - https:\/\/yoast.com\/product\/yoast-seo-wordpress\/ -->\n<title>Contact - Info - Immogo<\/title>\n<meta name=\"robots\" content=\"index, follow, max-snippet:-1, max-image-preview:large, max-video-preview:-1\" \/>\n<link rel=\"canonical\" href=\"https:\/\/forum.immogo.com\/fr\/contact-info\/\" \/>\n<meta property=\"og:locale\" content=\"fr_FR\" \/>\n<meta property=\"og:type\" content=\"article\" \/>\n<meta property=\"og:title\" content=\"Contact - Info - Immogo\" \/>\n<meta property=\"og:description\" content=\"Je suis l\u00e0 pour vous aider. Immogo est un site d&#8217;annonces immobili\u00e8res pour les particuliers qui souhaitent vendre leur bien immobilier en France. Vous pouvez me poser vos questions ou remarques concernant Immogo en passant par sujet &#8216;Info sur Immogo&#8216; dans le forum. Si vous souhaitez \u00eatre tenu au courant des nouveaut\u00e9s, inscrivez-vous en tant [&hellip;]\" \/>\n<meta property=\"og:url\" content=\"https:\/\/forum.immogo.com\/fr\/contact-info\/\" \/>\n<meta property=\"og:site_name\" content=\"Immogo\" \/>\n<meta property=\"article:modified_time\" content=\"2025-04-15T17:17:04+00:00\" \/>\n<meta name=\"twitter:card\" content=\"summary_large_image\" \/>\n<meta name=\"twitter:label1\" content=\"Dur\u00e9e de lecture estim\u00e9e\" \/>\n\t<meta name=\"twitter:data1\" content=\"1 minute\" \/>\n<script type=\"application\/ld+json\" class=\"yoast-schema-graph\">{\"@context\":\"https:\\\/\\\/schema.org\",\"@graph\":[{\"@type\":\"WebPage\",\"@id\":\"https:\\\/\\\/forum.immogo.com\\\/fr\\\/contact-info\\\/\",\"url\":\"https:\\\/\\\/forum.immogo.com\\\/fr\\\/contact-info\\\/\",\"name\":\"Contact - Info - Immogo\",\"isPartOf\":{\"@id\":\"https:\\\/\\\/forum.immogo.com\\\/fr\\\/#website\"},\"datePublished\":\"2025-04-15T16:39:14+00:00\",\"dateModified\":\"2025-04-15T17:17:04+00:00\",\"breadcrumb\":{\"@id\":\"https:\\\/\\\/forum.immogo.com\\\/fr\\\/contact-info\\\/#breadcrumb\"},\"inLanguage\":\"fr-FR\",\"potentialAction\":[{\"@type\":\"ReadAction\",\"target\":[\"https:\\\/\\\/forum.immogo.com\\\/fr\\\/contact-info\\\/\"]}]},{\"@type\":\"BreadcrumbList\",\"@id\":\"https:\\\/\\\/forum.immogo.com\\\/fr\\\/contact-info\\\/#breadcrumb\",\"itemListElement\":[{\"@type\":\"ListItem\",\"position\":1,\"name\":\"Accueil\",\"item\":\"https:\\\/\\\/forum.immogo.com\\\/fr\\\/\"},{\"@type\":\"ListItem\",\"position\":2,\"name\":\"Contact &#8211; Info\"}]},{\"@type\":\"WebSite\",\"@id\":\"https:\\\/\\\/forum.immogo.com\\\/fr\\\/#website\",\"url\":\"https:\\\/\\\/forum.immogo.com\\\/fr\\\/\",\"name\":\"Immogo\",\"description\":\"Maisons \u00e0 vendre sans agence\",\"publisher\":{\"@id\":\"https:\\\/\\\/forum.immogo.com\\\/fr\\\/#organization\"},\"potentialAction\":[{\"@type\":\"SearchAction\",\"target\":{\"@type\":\"EntryPoint\",\"urlTemplate\":\"https:\\\/\\\/forum.immogo.com\\\/fr\\\/?s={search_term_string}\"},\"query-input\":{\"@type\":\"PropertyValueSpecification\",\"valueRequired\":true,\"valueName\":\"search_term_string\"}}],\"inLanguage\":\"fr-FR\"},{\"@type\":\"Organization\",\"@id\":\"https:\\\/\\\/forum.immogo.com\\\/fr\\\/#organization\",\"name\":\"Immogo\",\"url\":\"https:\\\/\\\/forum.immogo.com\\\/fr\\\/\",\"logo\":{\"@type\":\"ImageObject\",\"inLanguage\":\"fr-FR\",\"@id\":\"https:\\\/\\\/forum.immogo.com\\\/fr\\\/#\\\/schema\\\/logo\\\/image\\\/\",\"url\":\"https:\\\/\\\/forum.immogo.com\\\/wp-content\\\/uploads\\\/2025\\\/01\\\/cropped-logo-2.png\",\"contentUrl\":\"https:\\\/\\\/forum.immogo.com\\\/wp-content\\\/uploads\\\/2025\\\/01\\\/cropped-logo-2.png\",\"width\":220,\"height\":36,\"caption\":\"Immogo\"},\"image\":{\"@id\":\"https:\\\/\\\/forum.immogo.com\\\/fr\\\/#\\\/schema\\\/logo\\\/image\\\/\"}}]}<\/script>\n<!-- \/ Yoast SEO plugin. -->","yoast_head_json":{"title":"Contact - Info - Immogo","robots":{"index":"index","follow":"follow","max-snippet":"max-snippet:-1","max-image-preview":"max-image-preview:large","max-video-preview":"max-video-preview:-1"},"canonical":"https:\/\/forum.immogo.com\/fr\/contact-info\/","og_locale":"fr_FR","og_type":"article","og_title":"Contact - Info - Immogo","og_description":"Je suis l\u00e0 pour vous aider. Immogo est un site d&#8217;annonces immobili\u00e8res pour les particuliers qui souhaitent vendre leur bien immobilier en France. Vous pouvez me poser vos questions ou remarques concernant Immogo en passant par sujet &#8216;Info sur Immogo&#8216; dans le forum. Si vous souhaitez \u00eatre tenu au courant des nouveaut\u00e9s, inscrivez-vous en tant [&hellip;]","og_url":"https:\/\/forum.immogo.com\/fr\/contact-info\/","og_site_name":"Immogo","article_modified_time":"2025-04-15T17:17:04+00:00","twitter_card":"summary_large_image","twitter_misc":{"Dur\u00e9e de lecture estim\u00e9e":"1 minute"},"schema":{"@context":"https:\/\/schema.org","@graph":[{"@type":"WebPage","@id":"https:\/\/forum.immogo.com\/fr\/contact-info\/","url":"https:\/\/forum.immogo.com\/fr\/contact-info\/","name":"Contact - Info - Immogo","isPartOf":{"@id":"https:\/\/forum.immogo.com\/fr\/#website"},"datePublished":"2025-04-15T16:39:14+00:00","dateModified":"2025-04-15T17:17:04+00:00","breadcrumb":{"@id":"https:\/\/forum.immogo.com\/fr\/contact-info\/#breadcrumb"},"inLanguage":"fr-FR","potentialAction":[{"@type":"ReadAction","target":["https:\/\/forum.immogo.com\/fr\/contact-info\/"]}]},{"@type":"BreadcrumbList","@id":"https:\/\/forum.immogo.com\/fr\/contact-info\/#breadcrumb","itemListElement":[{"@type":"ListItem","position":1,"name":"Accueil","item":"https:\/\/forum.immogo.com\/fr\/"},{"@type":"ListItem","position":2,"name":"Contact &#8211; Info"}]},{"@type":"WebSite","@id":"https:\/\/forum.immogo.com\/fr\/#website","url":"https:\/\/forum.immogo.com\/fr\/","name":"Immogo","description":"Maisons \u00e0 vendre sans agence","publisher":{"@id":"https:\/\/forum.immogo.com\/fr\/#organization"},"potentialAction":[{"@type":"SearchAction","target":{"@type":"EntryPoint","urlTemplate":"https:\/\/forum.immogo.com\/fr\/?s={search_term_string}"},"query-input":{"@type":"PropertyValueSpecification","valueRequired":true,"valueName":"search_term_string"}}],"inLanguage":"fr-FR"},{"@type":"Organization","@id":"https:\/\/forum.immogo.com\/fr\/#organization","name":"Immogo","url":"https:\/\/forum.immogo.com\/fr\/","logo":{"@type":"ImageObject","inLanguage":"fr-FR","@id":"https:\/\/forum.immogo.com\/fr\/#\/schema\/logo\/image\/","url":"https:\/\/forum.immogo.com\/wp-content\/uploads\/2025\/01\/cropped-logo-2.png","contentUrl":"https:\/\/forum.immogo.com\/wp-content\/uploads\/2025\/01\/cropped-logo-2.png","width":220,"height":36,"caption":"Immogo"},"image":{"@id":"https:\/\/forum.immogo.com\/fr\/#\/schema\/logo\/image\/"}}]}},"_links":{"self":[{"href":"https:\/\/forum.immogo.com\/fr\/wp-json\/wp\/v2\/pages\/1184","targetHints":{"allow":["GET"]}}],"collection":[{"href":"https:\/\/forum.immogo.com\/fr\/wp-json\/wp\/v2\/pages"}],"about":[{"href":"https:\/\/forum.immogo.com\/fr\/wp-json\/wp\/v2\/types\/page"}],"author":[{"embeddable":true,"href":"https:\/\/forum.immogo.com\/fr\/wp-json\/wp\/v2\/users\/7"}],"replies":[{"embeddable":true,"href":"https:\/\/forum.immogo.com\/fr\/wp-json\/wp\/v2\/comments?post=1184"}],"version-history":[{"count":0,"href":"https:\/\/forum.immogo.com\/fr\/wp-json\/wp\/v2\/pages\/1184\/revisions"}],"wp:attachment":[{"href":"https:\/\/forum.immogo.com\/fr\/wp-json\/wp\/v2\/media?parent=1184"}],"curies":[{"name":"wp","href":"https:\/\/api.w.org\/{rel}","templated":true}]}}