{"id":105,"date":"2020-01-23T16:19:47","date_gmt":"2020-01-23T16:19:47","guid":{"rendered":"http:\/\/beehive.themified.com\/?page_id=105"},"modified":"2026-03-28T20:59:53","modified_gmt":"2026-03-28T20:59:53","slug":"contact-2","status":"publish","type":"page","link":"https:\/\/forum.immogo.com\/fr\/contact-2\/","title":{"rendered":"Contact"},"content":{"rendered":"\n<h4 class=\"wp-block-heading\">Contactez-moi<\/h4>\n\n\n\n<p>Je suis pr\u00eat \u00e0 vous assister.&nbsp;<\/p>\n\n\n\n<p>Le mieux, c&#8217;est de m&#8217;envoyer un mail. J&#8217;essayerai de vous r\u00e9pondre dans les 24 heures. Mais attention, pour l&#8217;instant il n&#8217;y&#8217;a que moi aux commandes. Donc parfois \u00e7a peut prendre un peu plus longtemps.<\/p>\n\n\n\n<p>Merci pour votre patience.<br>\u00c0 bient\u00f4t, Gregor Hakkenberg<\/p>\n\n\n\n<h2 class=\"wp-block-heading\">Coordonn\u00e9es<\/h2>\n\n\n\n<h4 class=\"wp-block-heading\">Adresse<\/h4>\n\n\n\n<p><strong>France:<\/strong><br>32 rue du docteur Privey, 71700 Tournus<br><br><strong>Nederland:<\/strong><br>Breedstraat 25, 1381 BX Weesp<\/p>\n\n\n\n<h4 class=\"wp-block-heading\">Email<\/h4>\n\n\n\n<p>info@immogo.com<\/p>\n\n\n\n<h4 class=\"wp-block-heading\">T\u00e9l\u00e9phone<\/h4>\n\n\n\n<p>+33 (0)6 82 41 04 39<br>+31 (0)6 24 57 62 52<br>(seulement quand c&#8217;est tr\u00e8s urgent, merci!)<\/p>\n\n\n\n<p><\/p>\n","protected":false},"excerpt":{"rendered":"<p>Contactez-moi Je suis pr\u00eat \u00e0 vous assister.&nbsp; Le mieux, c&#8217;est de m&#8217;envoyer un mail. J&#8217;essayerai de vous r\u00e9pondre dans les 24 heures. Mais attention, pour l&#8217;instant il n&#8217;y&#8217;a que moi aux commandes. Donc parfois \u00e7a peut prendre un peu plus longtemps. Merci pour votre patience.\u00c0 bient\u00f4t, Gregor Hakkenberg Coordonn\u00e9es Adresse France:32 rue du docteur Privey, [&hellip;]<\/p>\n","protected":false},"author":7,"featured_media":0,"parent":0,"menu_order":0,"comment_status":"closed","ping_status":"closed","template":"page-templates\/full-width.php","meta":{"_bbp_topic_count":0,"_bbp_reply_count":0,"_bbp_total_topic_count":0,"_bbp_total_reply_count":0,"_bbp_voice_count":0,"_bbp_anonymous_reply_count":0,"_bbp_topic_count_hidden":0,"_bbp_reply_count_hidden":0,"_bbp_forum_subforum_count":0,"pmpro_default_level":"","footnotes":""},"class_list":["post-105","page","type-page","status-publish","hentry","pmpro-has-access","beehive-post"],"yoast_head":"<!-- This site is optimized with the Yoast SEO plugin v27.3 - https:\/\/yoast.com\/product\/yoast-seo-wordpress\/ -->\n<title>Contact - Immogo<\/title>\n<meta name=\"robots\" content=\"index, follow, max-snippet:-1, max-image-preview:large, max-video-preview:-1\" \/>\n<link rel=\"canonical\" href=\"https:\/\/forum.immogo.com\/fr\/contact-2\/\" \/>\n<meta property=\"og:locale\" content=\"fr_FR\" \/>\n<meta property=\"og:type\" content=\"article\" \/>\n<meta property=\"og:title\" content=\"Contact - Immogo\" \/>\n<meta property=\"og:description\" content=\"Contactez-moi Je suis pr\u00eat \u00e0 vous assister.&nbsp; Le mieux, c&#8217;est de m&#8217;envoyer un mail. J&#8217;essayerai de vous r\u00e9pondre dans les 24 heures. Mais attention, pour l&#8217;instant il n&#8217;y&#8217;a que moi aux commandes. Donc parfois \u00e7a peut prendre un peu plus longtemps. Merci pour votre patience.\u00c0 bient\u00f4t, Gregor Hakkenberg Coordonn\u00e9es Adresse France:32 rue du docteur Privey, [&hellip;]\" \/>\n<meta property=\"og:url\" content=\"https:\/\/forum.immogo.com\/fr\/contact-2\/\" \/>\n<meta property=\"og:site_name\" content=\"Immogo\" \/>\n<meta property=\"article:modified_time\" content=\"2026-03-28T20:59:53+00:00\" \/>\n<meta name=\"twitter:card\" content=\"summary_large_image\" \/>\n<meta name=\"twitter:label1\" content=\"Dur\u00e9e de lecture estim\u00e9e\" \/>\n\t<meta name=\"twitter:data1\" content=\"1 minute\" \/>\n<script type=\"application\/ld+json\" class=\"yoast-schema-graph\">{\"@context\":\"https:\\\/\\\/schema.org\",\"@graph\":[{\"@type\":\"WebPage\",\"@id\":\"https:\\\/\\\/forum.immogo.com\\\/fr\\\/contact-2\\\/\",\"url\":\"https:\\\/\\\/forum.immogo.com\\\/fr\\\/contact-2\\\/\",\"name\":\"Contact - Immogo\",\"isPartOf\":{\"@id\":\"https:\\\/\\\/forum.immogo.com\\\/fr\\\/#website\"},\"datePublished\":\"2020-01-23T16:19:47+00:00\",\"dateModified\":\"2026-03-28T20:59:53+00:00\",\"breadcrumb\":{\"@id\":\"https:\\\/\\\/forum.immogo.com\\\/fr\\\/contact-2\\\/#breadcrumb\"},\"inLanguage\":\"fr-FR\",\"potentialAction\":[{\"@type\":\"ReadAction\",\"target\":[\"https:\\\/\\\/forum.immogo.com\\\/fr\\\/contact-2\\\/\"]}]},{\"@type\":\"BreadcrumbList\",\"@id\":\"https:\\\/\\\/forum.immogo.com\\\/fr\\\/contact-2\\\/#breadcrumb\",\"itemListElement\":[{\"@type\":\"ListItem\",\"position\":1,\"name\":\"Accueil\",\"item\":\"https:\\\/\\\/forum.immogo.com\\\/fr\\\/\"},{\"@type\":\"ListItem\",\"position\":2,\"name\":\"Contact\"}]},{\"@type\":\"WebSite\",\"@id\":\"https:\\\/\\\/forum.immogo.com\\\/fr\\\/#website\",\"url\":\"https:\\\/\\\/forum.immogo.com\\\/fr\\\/\",\"name\":\"Immogo\",\"description\":\"Maisons \u00e0 vendre sans agence\",\"publisher\":{\"@id\":\"https:\\\/\\\/forum.immogo.com\\\/fr\\\/#organization\"},\"potentialAction\":[{\"@type\":\"SearchAction\",\"target\":{\"@type\":\"EntryPoint\",\"urlTemplate\":\"https:\\\/\\\/forum.immogo.com\\\/fr\\\/?s={search_term_string}\"},\"query-input\":{\"@type\":\"PropertyValueSpecification\",\"valueRequired\":true,\"valueName\":\"search_term_string\"}}],\"inLanguage\":\"fr-FR\"},{\"@type\":\"Organization\",\"@id\":\"https:\\\/\\\/forum.immogo.com\\\/fr\\\/#organization\",\"name\":\"Immogo\",\"url\":\"https:\\\/\\\/forum.immogo.com\\\/fr\\\/\",\"logo\":{\"@type\":\"ImageObject\",\"inLanguage\":\"fr-FR\",\"@id\":\"https:\\\/\\\/forum.immogo.com\\\/fr\\\/#\\\/schema\\\/logo\\\/image\\\/\",\"url\":\"https:\\\/\\\/forum.immogo.com\\\/wp-content\\\/uploads\\\/2025\\\/01\\\/cropped-logo-2.png\",\"contentUrl\":\"https:\\\/\\\/forum.immogo.com\\\/wp-content\\\/uploads\\\/2025\\\/01\\\/cropped-logo-2.png\",\"width\":220,\"height\":36,\"caption\":\"Immogo\"},\"image\":{\"@id\":\"https:\\\/\\\/forum.immogo.com\\\/fr\\\/#\\\/schema\\\/logo\\\/image\\\/\"}}]}<\/script>\n<!-- \/ Yoast SEO plugin. -->","yoast_head_json":{"title":"Contact - Immogo","robots":{"index":"index","follow":"follow","max-snippet":"max-snippet:-1","max-image-preview":"max-image-preview:large","max-video-preview":"max-video-preview:-1"},"canonical":"https:\/\/forum.immogo.com\/fr\/contact-2\/","og_locale":"fr_FR","og_type":"article","og_title":"Contact - Immogo","og_description":"Contactez-moi Je suis pr\u00eat \u00e0 vous assister.&nbsp; Le mieux, c&#8217;est de m&#8217;envoyer un mail. J&#8217;essayerai de vous r\u00e9pondre dans les 24 heures. Mais attention, pour l&#8217;instant il n&#8217;y&#8217;a que moi aux commandes. Donc parfois \u00e7a peut prendre un peu plus longtemps. Merci pour votre patience.\u00c0 bient\u00f4t, Gregor Hakkenberg Coordonn\u00e9es Adresse France:32 rue du docteur Privey, [&hellip;]","og_url":"https:\/\/forum.immogo.com\/fr\/contact-2\/","og_site_name":"Immogo","article_modified_time":"2026-03-28T20:59:53+00:00","twitter_card":"summary_large_image","twitter_misc":{"Dur\u00e9e de lecture estim\u00e9e":"1 minute"},"schema":{"@context":"https:\/\/schema.org","@graph":[{"@type":"WebPage","@id":"https:\/\/forum.immogo.com\/fr\/contact-2\/","url":"https:\/\/forum.immogo.com\/fr\/contact-2\/","name":"Contact - Immogo","isPartOf":{"@id":"https:\/\/forum.immogo.com\/fr\/#website"},"datePublished":"2020-01-23T16:19:47+00:00","dateModified":"2026-03-28T20:59:53+00:00","breadcrumb":{"@id":"https:\/\/forum.immogo.com\/fr\/contact-2\/#breadcrumb"},"inLanguage":"fr-FR","potentialAction":[{"@type":"ReadAction","target":["https:\/\/forum.immogo.com\/fr\/contact-2\/"]}]},{"@type":"BreadcrumbList","@id":"https:\/\/forum.immogo.com\/fr\/contact-2\/#breadcrumb","itemListElement":[{"@type":"ListItem","position":1,"name":"Accueil","item":"https:\/\/forum.immogo.com\/fr\/"},{"@type":"ListItem","position":2,"name":"Contact"}]},{"@type":"WebSite","@id":"https:\/\/forum.immogo.com\/fr\/#website","url":"https:\/\/forum.immogo.com\/fr\/","name":"Immogo","description":"Maisons \u00e0 vendre sans agence","publisher":{"@id":"https:\/\/forum.immogo.com\/fr\/#organization"},"potentialAction":[{"@type":"SearchAction","target":{"@type":"EntryPoint","urlTemplate":"https:\/\/forum.immogo.com\/fr\/?s={search_term_string}"},"query-input":{"@type":"PropertyValueSpecification","valueRequired":true,"valueName":"search_term_string"}}],"inLanguage":"fr-FR"},{"@type":"Organization","@id":"https:\/\/forum.immogo.com\/fr\/#organization","name":"Immogo","url":"https:\/\/forum.immogo.com\/fr\/","logo":{"@type":"ImageObject","inLanguage":"fr-FR","@id":"https:\/\/forum.immogo.com\/fr\/#\/schema\/logo\/image\/","url":"https:\/\/forum.immogo.com\/wp-content\/uploads\/2025\/01\/cropped-logo-2.png","contentUrl":"https:\/\/forum.immogo.com\/wp-content\/uploads\/2025\/01\/cropped-logo-2.png","width":220,"height":36,"caption":"Immogo"},"image":{"@id":"https:\/\/forum.immogo.com\/fr\/#\/schema\/logo\/image\/"}}]}},"_links":{"self":[{"href":"https:\/\/forum.immogo.com\/fr\/wp-json\/wp\/v2\/pages\/105","targetHints":{"allow":["GET"]}}],"collection":[{"href":"https:\/\/forum.immogo.com\/fr\/wp-json\/wp\/v2\/pages"}],"about":[{"href":"https:\/\/forum.immogo.com\/fr\/wp-json\/wp\/v2\/types\/page"}],"author":[{"embeddable":true,"href":"https:\/\/forum.immogo.com\/fr\/wp-json\/wp\/v2\/users\/7"}],"replies":[{"embeddable":true,"href":"https:\/\/forum.immogo.com\/fr\/wp-json\/wp\/v2\/comments?post=105"}],"version-history":[{"count":0,"href":"https:\/\/forum.immogo.com\/fr\/wp-json\/wp\/v2\/pages\/105\/revisions"}],"wp:attachment":[{"href":"https:\/\/forum.immogo.com\/fr\/wp-json\/wp\/v2\/media?parent=105"}],"curies":[{"name":"wp","href":"https:\/\/api.w.org\/{rel}","templated":true}]}}